{"id":98168,"date":"2021-05-16T10:03:37","date_gmt":"2021-05-16T08:03:37","guid":{"rendered":"https:\/\/eifel-camping.de\/?page_id=98168"},"modified":"2021-05-16T10:03:38","modified_gmt":"2021-05-16T08:03:38","slug":"oeffnungsschritte-in-der-neuen-coronaschutzvo-gueltig-vom-15-5-bis-4-6","status":"publish","type":"page","link":"https:\/\/eifel-camping.de\/?page_id=98168","title":{"rendered":"\u00d6ffnungsschritte in der neuen CoronaSchutzVO (g\u00fcltig vom 15.5 bis 4.6.)"},"content":{"rendered":"\n<p><strong>Stufe 1 (gleichzeitig mit Wegfall Bundesnotbremse, also bei regionaler Inzidenz \u2264 100)<\/strong><\/p>\n\n\n\n<ul class=\"wp-block-list\"><li><strong>Kultur:<\/strong> Konzerte unter freiem Himmel mit max. 500 Personen (Sitzplan) und Test**<\/li><li><strong>Sport:<\/strong><\/li><\/ul>\n\n\n\n<ul class=\"wp-block-list\"><li>Kontaktfreier Au\u00dfensport mit bis zu 15 Personen* aus 3 Haushalten (plus Kinder bis 14 J. und Geimpfte\/Genesene)<\/li><li>Freib\u00e4der f\u00fcr Sportaus\u00fcbung (keine Liegewiesen) mit Test**<\/li><li>Unter freiem Himmel Zuschauer mit Test** (20 %-Kapazit\u00e4t, Sitzplan, max. 500 Personen)<\/li><li><strong>Freizeit:<\/strong><\/li><\/ul>\n\n\n\n<ul class=\"wp-block-list\"><li>\u00d6ffnung kleinerer Au\u00dfen-Einrichtungen: Minigolf, Kletterpark, Hochseilgarten mit Test**<\/li><li>Freib\u00e4der f\u00fcr Sportbetrieb mit Test**<\/li><\/ul>\n\n\n\n<ul class=\"wp-block-list\"><li><strong>Einzelhandel: <\/strong>Wegfall click &amp; meet, Reduzierung Kundenbegrenzung auf 1:20 mit Test (Testpflicht nur im nicht privilegierten Einzelhandel)<\/li><li><strong>Gastronomie: <\/strong>\u00d6ffnung Au\u00dfengastronomie mit Test** und Personenbegrenzung*<\/li><li><strong>Beherbergung:<\/strong><\/li><\/ul>\n\n\n\n<ul class=\"wp-block-list\"><li>\u201eAutarke\u201c \u00dcbernachtungen (Ferienwohnungen, Camping, Wohnmobile) mit Test**<\/li><li>\u00d6ffnung von Hotels mit Kapazit\u00e4tsbegrenzung (60 %) auch f\u00fcr private \u00dcbernachtungen mit Test** (mit Fr\u00fchst\u00fcck, aber keine Innengastronomie)<\/li><\/ul>\n\n\n\n<p><strong>Stufe 2 (bei regionaler Inzidenz \u2264 50)<\/strong><\/p>\n\n\n\n<ul class=\"wp-block-list\"><li><strong>Allgem. Kontaktbeschr\u00e4nkung: <\/strong>10 Personen* aus 3 Haushalten (plus Kinder bis 14 J.)<\/li><li><strong>Kultur:<\/strong> Theater, Konzerte, Oper, Kinos ge\u00f6ffnet mit Test**, Kontaktnachverfolgung<\/li><li><strong>Einzelhandel: <\/strong>Kundenbegrenzung auf 1:10 \/ Entfall Test<\/li><li><strong>Sport:<\/strong><ul><li>Kontaktfreier Hallensport\/ Fitnessstudios** mit Test und Kontaktnachverfolgung<\/li><li>Kontaktsport au\u00dfen \/ Kontaktsport innen mit Personenbegrenzung* und Test**<\/li><li>Au\u00dfen Zuschauer (20 %-Kapazit\u00e4t, Sitzplan, max. 500 Personen ohne Test) und innen Zuschauer (20 %-Kapazit\u00e4t, Sitzplan, max. 250 Personen mit Test**)<\/li><\/ul><\/li><li><strong>Freizeit:<\/strong> \u00d6ffnung der Freib\u00e4der f\u00fcr die Allgemeinheit mit Test u. Personenbegrenzung**<\/li><\/ul>\n\n\n\n<ul class=\"wp-block-list\"><li><strong>Messen\/M\u00e4rkte:<\/strong> Messeregelungen analog September 2020 \/ Kramm\u00e4rkte mit Test**<\/li><li><strong>Tagungen\/Kongresse:<\/strong> Zul\u00e4ssig mit Personenbegrenzung und Test**<\/li><li><strong>Priv. Veranstaltungen: <\/strong>Au\u00dfen mit max. 100 Personen*, innen max. 50 Personen* \u2013 jeweils mit Test**<\/li><li><strong>Gastronomie:<\/strong><ul><li>\u00d6ffnung von Kantinen<\/li><li>\u00d6ffnung von Innengastronomie mit Test** und striktem Personen-\/Fl\u00e4chenschl\u00fcssel (Sitzplatz)<\/li><\/ul><\/li><li><strong>Beherbergung\/Tourismus: <\/strong>Wegfall der Kapazit\u00e4tsbegrenzung bei Hotels (mit Test**)<\/li><\/ul>\n\n\n\n<p><em>* Geimpfte\/Genesene sind von der Personenzahlbegrenzung nicht umfasst.<\/em><\/p>\n\n\n\n<p><em>** Geimpfte\/Genesene stehen Getesteten gleich. Test ist 48 Std. g\u00fcltig.<\/em><\/p>\n","protected":false},"excerpt":{"rendered":"<p>Stufe 1 (gleichzeitig mit Wegfall Bundesnotbremse, also bei regionaler Inzidenz \u2264 100) Kultur: Konzerte unter freiem Himmel mit max. 500 Personen (Sitzplan) und Test** Sport: Kontaktfreier Au\u00dfensport mit bis zu 15 Personen* aus 3 Haushalten (plus Kinder bis 14 J. <a class=\"more-link\" href=\"https:\/\/eifel-camping.de\/?page_id=98168\"><span class=\"screen-reader-text\">  \u00d6ffnungsschritte in der neuen CoronaSchutzVO (g\u00fcltig vom 15.5 bis 4.6.)<\/span> weiterlesen<span class=\"meta-nav\">&rarr;<\/span><\/a><\/p>\n","protected":false},"author":3,"featured_media":0,"parent":0,"menu_order":0,"comment_status":"closed","ping_status":"closed","template":"","meta":{"footnotes":""},"class_list":["post-98168","page","type-page","status-publish","hentry"],"_links":{"self":[{"href":"https:\/\/eifel-camping.de\/index.php?rest_route=\/wp\/v2\/pages\/98168","targetHints":{"allow":["GET"]}}],"collection":[{"href":"https:\/\/eifel-camping.de\/index.php?rest_route=\/wp\/v2\/pages"}],"about":[{"href":"https:\/\/eifel-camping.de\/index.php?rest_route=\/wp\/v2\/types\/page"}],"author":[{"embeddable":true,"href":"https:\/\/eifel-camping.de\/index.php?rest_route=\/wp\/v2\/users\/3"}],"replies":[{"embeddable":true,"href":"https:\/\/eifel-camping.de\/index.php?rest_route=%2Fwp%2Fv2%2Fcomments&post=98168"}],"version-history":[{"count":1,"href":"https:\/\/eifel-camping.de\/index.php?rest_route=\/wp\/v2\/pages\/98168\/revisions"}],"predecessor-version":[{"id":98169,"href":"https:\/\/eifel-camping.de\/index.php?rest_route=\/wp\/v2\/pages\/98168\/revisions\/98169"}],"wp:attachment":[{"href":"https:\/\/eifel-camping.de\/index.php?rest_route=%2Fwp%2Fv2%2Fmedia&parent=98168"}],"curies":[{"name":"wp","href":"https:\/\/api.w.org\/{rel}","templated":true}]}}