{"id":7610,"date":"2019-07-03T14:07:15","date_gmt":"2019-07-03T12:07:15","guid":{"rendered":"https:\/\/eifel-camping.de\/?page_id=7610"},"modified":"2024-10-11T11:41:13","modified_gmt":"2024-10-11T09:41:13","slug":"reservierung-holzfass-2","status":"publish","type":"page","link":"https:\/\/eifel-camping.de\/?page_id=7610","title":{"rendered":"Reservierung Holzfass"},"content":{"rendered":"<p><strong>Reservierung eines Holzfasses<\/strong><br \/>\nEine feste Reservierung empfiehlt sich besonders f\u00fcr die Hauptsaison. In den \u00fcbrigen Saisonzeiten (VS, ZS, NS, WS) nehmen wir Ihre Reservierung gerne entgegen.<\/p>\n<p><strong>Reservierungen f\u00fcr die Holzf\u00e4sser nehmen wir tel. unter der Rufnummer (+49)2482 \u2013 2298 an, oder e-mail eifel-camping@web.de.<\/strong><\/p>\n<p>Weitere Hinweise zur telefonischen Reservierung von Holzf\u00e4ssern:<br \/>\nGegen eine Reservierungsgeb\u00fchr von \u20ac 45,00 \u00a0die wir mit Ihnen verrechnen, wird Ihre Reservierung verbindlich best\u00e4tigt.<\/p>\n<p>Wird das reservierte Holzfass nicht zum vereinbarten Termin eingenommen, verf\u00e4llt die Reservierungsgeb\u00fchr und der Anspruch auf dein Holzfass. Bei Stornierung sp\u00e4testens 14 Tage vor der Anreise wird die Reservierungsgeb\u00fchr von \u20ac 45,00 zur\u00fcckerstattet. Die Reservierung hat G\u00fcltigkeit, nachdem eine Reservierungsgeb\u00fchr von \u20ac 45,00 \u00fcberwiesen wurde.<\/p>\n<p>Bitte \u00fcberweisen Sie <strong>nach Erhalt der<\/strong> <strong>telefonischen Reservierungs- best\u00e4tigung<\/strong> den Betrag von \u20ac 45,00 auf folgendes Konto:<\/p>\n<p>Bankverbindung:<br \/>\nInh. Friedbert Sch\u00fclter<br \/>\nKreissparkasse Euskirchen<br \/>\nBLZ: 382 501 10<br \/>\nKonto: 154 56 98<\/p>\n<p>IBAN: DE60 3825 0110 0001 5456 98<br \/>\nSwift-Bic: WELADED1EUS<\/p>\n<p>Bei weiteren Fragen stehen wir Ihnen gerne telefonisch zur Verf\u00fcgung.<\/p>\n<p>Wir freuen uns auf Ihren Besuch und w\u00fcnschen Ihnen eine angenehme Anreise.<\/p>\n","protected":false},"excerpt":{"rendered":"<p>Reservierung eines Holzfasses Eine feste Reservierung empfiehlt sich besonders f\u00fcr die Hauptsaison. In den \u00fcbrigen Saisonzeiten (VS, ZS, NS, WS) nehmen wir Ihre Reservierung gerne entgegen. Reservierungen f\u00fcr die Holzf\u00e4sser nehmen wir tel. unter der Rufnummer (+49)2482 \u2013 2298 an, <a class=\"more-link\" href=\"https:\/\/eifel-camping.de\/?page_id=7610\"><span class=\"screen-reader-text\">  Reservierung Holzfass<\/span> weiterlesen<span class=\"meta-nav\">&rarr;<\/span><\/a><\/p>\n","protected":false},"author":1,"featured_media":0,"parent":0,"menu_order":0,"comment_status":"closed","ping_status":"closed","template":"","meta":{"footnotes":""},"class_list":["post-7610","page","type-page","status-publish","hentry"],"_links":{"self":[{"href":"https:\/\/eifel-camping.de\/index.php?rest_route=\/wp\/v2\/pages\/7610","targetHints":{"allow":["GET"]}}],"collection":[{"href":"https:\/\/eifel-camping.de\/index.php?rest_route=\/wp\/v2\/pages"}],"about":[{"href":"https:\/\/eifel-camping.de\/index.php?rest_route=\/wp\/v2\/types\/page"}],"author":[{"embeddable":true,"href":"https:\/\/eifel-camping.de\/index.php?rest_route=\/wp\/v2\/users\/1"}],"replies":[{"embeddable":true,"href":"https:\/\/eifel-camping.de\/index.php?rest_route=%2Fwp%2Fv2%2Fcomments&post=7610"}],"version-history":[{"count":6,"href":"https:\/\/eifel-camping.de\/index.php?rest_route=\/wp\/v2\/pages\/7610\/revisions"}],"predecessor-version":[{"id":98255,"href":"https:\/\/eifel-camping.de\/index.php?rest_route=\/wp\/v2\/pages\/7610\/revisions\/98255"}],"wp:attachment":[{"href":"https:\/\/eifel-camping.de\/index.php?rest_route=%2Fwp%2Fv2%2Fmedia&parent=7610"}],"curies":[{"name":"wp","href":"https:\/\/api.w.org\/{rel}","templated":true}]}}