{"id":69,"date":"2017-07-15T18:18:12","date_gmt":"2017-07-15T18:18:12","guid":{"rendered":"http:\/\/camping-hellenthal.de\/?page_id=69"},"modified":"2023-02-27T15:34:14","modified_gmt":"2023-02-27T14:34:14","slug":"reservierung-camping","status":"publish","type":"page","link":"https:\/\/eifel-camping.de\/?page_id=69","title":{"rendered":"Reservierung Campingplatz"},"content":{"rendered":"<p>Reservierung eines Platzes<br \/>\nEine feste Reservierung empfiehlt sich besonders f\u00fcr die Hauptsaison. In den \u00fcbrigen Saisonzeiten (VS, ZS, NS, WS) nehmen wir Ihre Reservierung gerne entgegen.<\/p>\n<p>Gegen eine Reservierungsgeb\u00fchr von \u20ac 25,00, die wir Ihnen mit den Campinggeb\u00fchren verrechnen, bekommen Sie Ihren Reservierungsplatz, oder, falls dieser bereits belegt ist, einen entsprechenden Stellplatz.<\/p>\n<p>Wird der reservierte Campingplatz nicht zum vereinbarten Termin eingenommen, verf\u00e4llt die Reservierungsgeb\u00fchr und der Anspruch auf den Campingplatz. Bei Stornierung sp\u00e4testens 14 Tage vor der Anreise wird die Reservierungsgeb\u00fchr von \u20ac 25,00 zur\u00fcckerstattet. Die Reservierung hat G\u00fcltigkeit, nachdem eine Reservierungsgeb\u00fchr von 25 Euro \u00fcberwiesen wurde.<br \/>\nBitte \u00fcberweisen Sie <strong>nach Erhalt der<\/strong> <strong>Reservierungsbest\u00e4tigung<\/strong> den Betrag von \u20ac 25,00 auf folgendes Reservierungskonto:<\/p>\n<p>Bankverbindung:<br \/>\nKreissparkasse Euskirchen<br \/>\nBLZ: 382 501 10<br \/>\nKonto: 154 56 98<\/p>\n<p>IBAN: DE60 3825 0110 0001 5456 98<br \/>\nSwift-Bic: WELADED1EUS<\/p>\n<p>Sie bekommen eine Mail-Best\u00e4tigung, die Sie zur Anreise bitte mitbringen. Reservieren Sie bitte rechtzeitig. Empfehlung f\u00fcr Ihre Anreise: m\u00f6glichst vormittags. Selbstverst\u00e4ndlich sind Sie auch ohne Vorbestellung jederzeit herzlich willkommen!<br \/>\nBei Fragen stehen wir Ihnen gerne zur Verf\u00fcgung.<\/p>\n<p>Wir freuen uns auf Ihren Besuch und w\u00fcnschen Ihnen eine angenehme Anreise.<\/p>\n<p><b>Zur Reservierung senden Sie uns eine Email an<br \/>\n<a href=\"mailto:eifel-camping@web.de\">eifel-camping@web.de<\/a><\/b><\/p>\n","protected":false},"excerpt":{"rendered":"<p>Reservierung eines Platzes Eine feste Reservierung empfiehlt sich besonders f\u00fcr die Hauptsaison. In den \u00fcbrigen Saisonzeiten (VS, ZS, NS, WS) nehmen wir Ihre Reservierung gerne entgegen. Gegen eine Reservierungsgeb\u00fchr von \u20ac 25,00, die wir Ihnen mit den Campinggeb\u00fchren verrechnen, bekommen <a class=\"more-link\" href=\"https:\/\/eifel-camping.de\/?page_id=69\"><span class=\"screen-reader-text\">  Reservierung Campingplatz<\/span> weiterlesen<span class=\"meta-nav\">&rarr;<\/span><\/a><\/p>\n","protected":false},"author":1,"featured_media":0,"parent":0,"menu_order":0,"comment_status":"closed","ping_status":"closed","template":"","meta":{"footnotes":""},"class_list":["post-69","page","type-page","status-publish","hentry"],"_links":{"self":[{"href":"https:\/\/eifel-camping.de\/index.php?rest_route=\/wp\/v2\/pages\/69","targetHints":{"allow":["GET"]}}],"collection":[{"href":"https:\/\/eifel-camping.de\/index.php?rest_route=\/wp\/v2\/pages"}],"about":[{"href":"https:\/\/eifel-camping.de\/index.php?rest_route=\/wp\/v2\/types\/page"}],"author":[{"embeddable":true,"href":"https:\/\/eifel-camping.de\/index.php?rest_route=\/wp\/v2\/users\/1"}],"replies":[{"embeddable":true,"href":"https:\/\/eifel-camping.de\/index.php?rest_route=%2Fwp%2Fv2%2Fcomments&post=69"}],"version-history":[{"count":9,"href":"https:\/\/eifel-camping.de\/index.php?rest_route=\/wp\/v2\/pages\/69\/revisions"}],"predecessor-version":[{"id":98230,"href":"https:\/\/eifel-camping.de\/index.php?rest_route=\/wp\/v2\/pages\/69\/revisions\/98230"}],"wp:attachment":[{"href":"https:\/\/eifel-camping.de\/index.php?rest_route=%2Fwp%2Fv2%2Fmedia&parent=69"}],"curies":[{"name":"wp","href":"https:\/\/api.w.org\/{rel}","templated":true}]}}