{"id":535,"date":"2018-04-22T10:37:09","date_gmt":"2018-04-22T08:37:09","guid":{"rendered":"http:\/\/eifel-camping.de\/?page_id=535"},"modified":"2019-01-11T14:00:16","modified_gmt":"2019-01-11T13:00:16","slug":"datenschutzerklaerung","status":"publish","type":"page","link":"https:\/\/eifel-camping.de\/?page_id=535","title":{"rendered":"Datenschutzerkl\u00e4rung"},"content":{"rendered":"<p>Diese Website (nachfolgend \u201eWebsite\u201c) wird bereitgestellt von Camping Dickerscheid. Weitere Informationen zum Anbieter der Website finden Sie in unserem <a href=\"http:\/\/eifel-camping.de\/?page_id=92\">Impressum<\/a>.<\/p>\n<h3>Umgang mit personenbezogenen Daten<\/h3>\n<p>Im Folgenden m\u00f6chten wir Sie \u00fcber unseren Umgang mit personenbezogenen Daten bei der Nutzung dieser Website informieren. Soweit in den folgenden Abschnitten nicht anders beschrieben, folgt die Rechtsgrundlage f\u00fcr einen Umgang mit Ihren personenbezogenen Daten aus der Erforderlichkeit eines Umgangs f\u00fcr die Bereitstellung der auf dieser Website von Ihnen angefragten Funktionalit\u00e4ten (Art. 6(1)(b) Datenschutz-Grundverordnung).<\/p>\n<h3>Nutzung der Website<\/h3>\n<p style=\"padding-left: 60px;\">Wenn Sie unsere Website aufrufen, \u00fcbertr\u00e4gt Ihr Browser technisch bedingt bestimmte Daten an unseren Webserver, um Ihnen die von Ihnen aufgerufenen Informationen zur Verf\u00fcgung zu stellen. Um Ihnen den Besuch der Website zu erm\u00f6glichen, werden dabei folgende Daten erhoben, kurzfristig gespeichert und verwendet:<\/p>\n<ul>\n<li>IP-Adresse<\/li>\n<li>Datum und Uhrzeit der Anfrage<\/li>\n<li>Zeitzonendifferenz zur Greenwich Mean Time (GMT)<\/li>\n<li>Inhalt der Anforderung (konkrete Seite)<\/li>\n<li>Betriebssystem und dessen Zugriffsstatus \/ HTTP-Statuscode<\/li>\n<li>\u00dcbertragene Datenmenge<\/li>\n<li>Website, von der die Anforderung kommt<\/li>\n<li>Browser, Sprache und Version der Browsersoftware<\/li>\n<\/ul>\n<p style=\"padding-left: 60px;\">Dar\u00fcber hinaus speichern wir zur Wahrung unserer berechtigten Interessen diese Daten f\u00fcr eine begrenzte Zeit, um im Falle unzul\u00e4ssiger Zugriffe bzw. Zugriffsversuche auf hiesige Server, eine Herleitung zu personenbezogenen Daten zu veranlassen (Art. 6(1)(f) Datenschutz-Grundverordnung).<\/p>\n<h3><strong>Einsatz von Cookies<\/strong><\/h3>\n<font color=\"#ff0000\">Aktueller Status:<br \/>\r\n               Cookies werden nicht akzeptiert<\/font><p>Bitte aktivieren Sie die Cookies um alle Funktionen auf diesen Seiten zu erhalten<br \/><br \/><span class=\"cookie-box\"><a href=\"#\" class=\"cn-revoke-cookie cn-button-inline cn-revoke-inline button\" title=\"Den Umgang mit Cookies \u00e4ndern\">Den Umgang mit Cookies \u00e4ndern<\/a><\/span><\/p>\n<p style=\"padding-left: 60px;\"><strong>Was Cookies sind<\/strong><br \/>\nAuf dieser Website setzen wir so genannte \u201eCookies\u201c ein. Cookies sind kleine Textdateien, die \u00fcber Ihren Browser im Speicher Ihres Endger\u00e4ts abgelegt werden. Cookies speichern bestimmte Informationen (z.B. die von Ihnen bevorzugte Sprache oder Seiteneinstellungen), die durch Ihren Browser bei einem erneuten Besuch der Website an uns zur\u00fcckgesendet wetrden k\u00f6nnen (abh\u00e4ngig von der Lebensdauer des Cookies).<\/p>\n<p style=\"padding-left: 60px;\"><strong>Welche Cookies wir einsetzen<\/strong><\/p>\n<p>Wir verwenden optionale Cookies nur mit Ihrer vorherigen Einwilligung (Art. 6(1)(a) Datenschutz-Grundverordnung). Sofern Sie zum ersten Mal unsere Website besuchen, erscheint auf unserer Website ein Banner, in welchem wir Sie um Ihre Einwilligung zur Verwendung von optionalen Cookies bitten. Erteilen Sie hierzu Ihre Einwilligung, speichern wir ein Cookie auf Ihrem Rechner und das Banner wird f\u00fcr die Lebensdauer des Cookies nicht erneut angezeigt. Danach, oder wenn Sie dieses Cookie zuvor aktiv l\u00f6schen, wird das Banner beim n\u00e4chsten Besuch unserer Website wieder eingeblendet, um Ihre Einwilligung erneut einzuholen.<\/p>\n<p style=\"padding-left: 60px;\"><strong>Wie Sie die Nutzung von Cookies verhindern<\/strong><br \/>\nSelbstverst\u00e4ndlich k\u00f6nnen Sie unsere Website auch ganz ohne Cookies nutzen. Sie k\u00f6nnen den Einsatz von Cookies in den Einstellungen Ihres Browsers jederzeit konfigurieren oder g\u00e4nzlich deaktivieren. Dies kann jedoch zu Einschr\u00e4nkungen der Funktionen oder der Benutzerfreundlichkeit unseres Angebots f\u00fchren.<\/p>\n<p style=\"padding-left: 60px;\"><strong>Website-Analyse<\/strong><br \/>\nGoogle-Analytics<br \/>\nAuf dieser Website verwenden wir Google Analytics, einen Webanalysedienst der Google Inc., 1600 Amphitheatre Parkway, Mountain View, CA 94043, United States (\u201eGoogle\u201c).<br \/>\nGoogle analysiert in unserem Auftrag Ihre Nutzung dieser Website. Hierf\u00fcr verwenden wir u.a. Cookies, die in der Cookie-Tabelle oben im Detail beschrieben sind. Die dabei von Google erhobenen Informationen \u00fcber Ihre Nutzung dieser Website (z.B. die verweisende URL, bei uns besuchte Seiten, ihr verwendeter Webbrowser, ihre Spracheinstellung, ihr verwendetes Betriebssystem oder Ihre Bildschirmaufl\u00f6sung) werden an einen Server von Google in die USA \u00fcbertragen, dort gespeichert, analysiert und das Ergebnis uns in anonymisierter Form zur Verf\u00fcgung gestellt. Ihre Nutzungsdaten werden dabei nicht mit Ihrer vollen IP-Adresse verbunden. Wir haben auf dieser Website die von Google angebotene IP-Anonymisierungsfunktion aktiviert, sodass das letzte Oktett (Typ IPv4) bzw. die letzten 80 Bits (Typ IPv6) Ihrer IP-Adresse gel\u00f6scht werden. Google ist zudem im <a href=\"https:\/\/www.privacyshield.gov\/participant?id=a2zt000000001L5AAI\" target=\"_blank\" rel=\"noopener\">EU-US Privacy Shield<\/a> zertifiziert, sodass f\u00fcr Daten bei Google in den USA ein angemessenes Datenschutzniveau hergestellt ist.<br \/>\nSie k\u00f6nnen Ihrer erteilten Einwilligung zur Webanalyse jederzeit widersprechen, indem Sie entweder das <a href=\"https:\/\/tools.google.com\/dlpage\/gaoptout?hl=de\" target=\"_blank\" rel=\"noopener\">verf\u00fcgbare Browser-Plugin von Google<\/a> herunterladen und installieren.<br \/>\nWeitere Informationen zu Google Analytics erhalten Sie in den <a href=\"https:\/\/www.google.de\/analytics\/terms\/de.html\" target=\"_blank\" rel=\"noopener\">Google Analytics Nutzungsbedingungen<\/a>, in den <a href=\"https:\/\/support.google.com\/analytics\/answer\/6004245?hl=de\" target=\"_blank\" rel=\"noopener\">Sicherheits- und Datenschutzgrunds\u00e4tzen von Google Analytics<\/a> sowie in der <a href=\"https:\/\/policies.google.com\/privacy?hl=de&amp;gl=de\" target=\"_blank\" rel=\"noopener\">Google Datenschutzerkl\u00e4rung<\/a>.<\/p>\n<h3><strong>Nutzung von Kontaktformularen und Reservierungsformulare<\/strong><\/h3>\n<\/p>\n<p style=\"padding-left: 60px;\">\u00dcber auf der Website bereitgestellte<a href=\"http:\/\/eifel-camping.de\/?page_id=64\"> Kontaktformular<\/a> k\u00f6nnen Sie direkt mit uns in Verbindung treten. Sie haben dabei die M\u00f6glichkeit, uns insbesondere folgende Informationen mitzuteilen:<br \/>\nVor- und Nachname<\/p>\n<p style=\"padding-left: 60px;\">Kontaktdetails (z.B. E-Mail-Adresse, Telefonnummer)<br \/>\nNachricht<br \/>\nWir erheben, verarbeiten und nutzen die von Ihnen \u00fcber Kontaktformulare mitgeteilten Informationen ausschlie\u00dflich f\u00fcr die Bearbeitung Ihres konkreten Anliegens.<\/p>\n<h3><b>Externe Dienste und Inhalte auf unserer Website<br \/>\n<\/b><\/h3>\n<\/p>\n<p style=\"padding-left: 60px;\">Wir binden externe Dienste oder Inhalte auf unserer Website ein. Wenn Sie einen solchen Dienst verwenden oder wenn Ihnen Inhalte Dritter angezeigt werden, werden technisch bedingt Kommunikationsdaten zwischen Ihnen und dem jeweiligen Anbieter ausgetauscht.<br \/>\nDar\u00fcber hinaus kann es sein, dass der Anbieter der jeweiligen Dienste oder Inhalte Ihre Daten f\u00fcr weitere, eigene Zwecke verarbeitet. Dienste oder Inhalte von Anbietern, die bekannterma\u00dfen Daten f\u00fcr eigene Zwecke verarbeiten, haben wir nach bestem Wissen und Gewissen so konfiguriert, dass entweder eine Kommunikation f\u00fcr andere Zwecke als zur Darstellung der Inhalte bzw. Dienste auf unserer Website unterbleibt, oder eine Kommunikation erst dann stattfindet, wenn Sie sich aktiv dazu entscheiden, den Dienst zu verwenden. Da wir aber keinen Einfluss auf die von Dritten erhobenen Daten und deren Verarbeitung durch diese haben, k\u00f6nnen wir zu Zweck und Umfang der Verarbeitung Ihrer Daten keine verbindlichen Angaben machen.<br \/>\nWeitere Informationen \u00fcber Zweck und Umfang der Erhebung und Verarbeitung Ihrer Daten entnehmen Sie daher bitte den Datenschutzhinweisen der jeweils datenschutzrechtlich verantwortlichen Anbieter der von uns eingebundenen Dienste bzw. Inhalte:<\/p>\n<p style=\"padding-left: 60px;\">YouTube (Videos)<\/p>\n<p style=\"padding-left: 60px;\">Google Maps<\/p>\n<p style=\"padding-left: 60px;\">Akismet Anti Spam<\/p>\n<p style=\"padding-left: 60px;\">Jetpack<\/p>\n<p style=\"padding-left: 60px;\">Der Anti Spam Filter Askimet ist hier integriert um m\u00f6glichen Spam abzuwehren. Dieser untersucht&nbsp; Kommentare, in dem er folgende Inhalte an einen Server in den USA sendet und dort mit einer langen Liste von gesperrten W\u00f6rtern, IP Adressen, E-Mail Adressen, Domains usw. abgleicht.<\/p>\n<ul>\n<li>comment_author<\/li>\n<li>comment_author_email<\/li>\n<li>comment_author_url<\/li>\n<li>user_ID<\/li>\n<li>user_ip<\/li>\n<li>user_agent<\/li>\n<li>referrer<\/li>\n<\/ul>\n<p style=\"padding-left: 60px;\">Akismet untersucht einen Kommentar nach m\u00f6glichem Spam. Um dies zu bewerkstelligen muss dieser Spamschutz einige Daten zu einem Server in die USA \u00fcbermitteln. &nbsp;Wir haben keinerlei Einfluss darauf welche Informationen dort dauerhaft gespeichert werden und k\u00f6nnen diese auch nicht einsehen! Sollten Sie damit nicht einverstanden sind, weisen wir Sie darauf hin keine Kommentare zu schreiben.<\/p>\n<h3>Informationen \u00fcber Ihre Rechte<\/h3>\n<p>Die folgenden Rechte stehen Ihnen aufgrund der anwendbaren Datenschutzgesetze zur Verf\u00fcgung:<\/p>\n<ul>\n<li>Recht auf Auskunft \u00fcber die bei uns zu Ihrer Person gespeicherten Daten;<\/li>\n<li>Recht auf Berichtigung, L\u00f6schung oder Einschr\u00e4nkung der Verarbeitung Ihrer personenbezogenen Daten;<\/li>\n<li>Recht auf Widerspruch gegen eine Verarbeitung, die unserem berechtigten Interesse, einem \u00f6ffentlichen Interesse oder einem Profiling dient, es sei denn, wir k\u00f6nnen zwingende schutzw\u00fcrdige Gr\u00fcnde f\u00fcr die Verarbeitung nachweisen, die Ihre Interessen, Rechte und Freiheiten \u00fcberwiegen, oder die Verarbeitung dient der Geltendmachung, Aus\u00fcbung oder Verteidigung von Rechtsanspr\u00fcchen;<\/li>\n<li>Recht auf Daten\u00fcbertragbarkeit;<\/li>\n<li>Recht sich bei einer Aufsichtsbeh\u00f6rde zu beschweren;<\/li>\n<li>Von Ihnen erteilte Einwilligungen zur Erhebung, Verarbeitung und Nutzung Ihrer personenbezogenen Daten k\u00f6nnen Sie jederzeit mit Wirkung f\u00fcr die Zukunft widerrufen. N\u00e4here Informationen hierzu finden Sie in den jeweiligen Abschnitten oben, wo eine Datenverarbeitung auf Grundlage Ihrer Einwilligung beschrieben wird.<\/li>\n<\/ul>\n<p>Falls Sie von Ihren Rechten Gebrauch machen m\u00f6chten, richten Sie bitte Ihr Anliegen an den unten genannten Ansprechpartner.<\/p>\n<p style=\"text-align: center;\">F\u00fcr Ihre Anliegen zum Datenschutz verwenden Sie bitte unser<br \/>\n<a href=\"https:\/\/eifel-camping.de\/?page_id=64\"> Kontaktformular<\/a><\/p>\n<p>oder kontaktieren Sie uns unter folgender Adresse:<br \/>\nFriedbert Sch\u00fclter<br \/>\nDickerscheid 47<br \/>\n53940 Hellenthal<\/p>\n<p>Wir behalten uns vor, diese Datenschutzerkl\u00e4rung von Zeit zu Zeit zu aktualisieren. Aktualisierungen dieser Datenschutzerkl\u00e4rung werden auf unserer Website ver\u00f6ffentlicht. \u00c4nderungen gelten ab ihrer Publikation auf unserer Website. Wir empfehlen Ihnen daher, diese Seite regelm\u00e4\u00dfig zu besuchen, um sich \u00fcber gegebenenfalls erfolgte Aktualisierungen zu informieren.<\/p>\n<p>Letzte Aktualisierung: 11.01.2019<\/p>\n<p style=\"padding-left: =;\">\n","protected":false},"excerpt":{"rendered":"<p>Diese Website (nachfolgend \u201eWebsite\u201c) wird bereitgestellt von Camping Dickerscheid. Weitere Informationen zum Anbieter der Website finden Sie in unserem Impressum. Umgang mit personenbezogenen Daten Im Folgenden m\u00f6chten wir Sie \u00fcber unseren Umgang mit personenbezogenen Daten bei der Nutzung dieser Website <a class=\"more-link\" href=\"https:\/\/eifel-camping.de\/?page_id=535\"><span class=\"screen-reader-text\">  Datenschutzerkl\u00e4rung<\/span> weiterlesen<span class=\"meta-nav\">&rarr;<\/span><\/a><\/p>\n","protected":false},"author":1,"featured_media":0,"parent":0,"menu_order":0,"comment_status":"closed","ping_status":"closed","template":"page-disable-sidebar.php","meta":{"footnotes":""},"class_list":["post-535","page","type-page","status-publish","hentry"],"_links":{"self":[{"href":"https:\/\/eifel-camping.de\/index.php?rest_route=\/wp\/v2\/pages\/535","targetHints":{"allow":["GET"]}}],"collection":[{"href":"https:\/\/eifel-camping.de\/index.php?rest_route=\/wp\/v2\/pages"}],"about":[{"href":"https:\/\/eifel-camping.de\/index.php?rest_route=\/wp\/v2\/types\/page"}],"author":[{"embeddable":true,"href":"https:\/\/eifel-camping.de\/index.php?rest_route=\/wp\/v2\/users\/1"}],"replies":[{"embeddable":true,"href":"https:\/\/eifel-camping.de\/index.php?rest_route=%2Fwp%2Fv2%2Fcomments&post=535"}],"version-history":[{"count":78,"href":"https:\/\/eifel-camping.de\/index.php?rest_route=\/wp\/v2\/pages\/535\/revisions"}],"predecessor-version":[{"id":743,"href":"https:\/\/eifel-camping.de\/index.php?rest_route=\/wp\/v2\/pages\/535\/revisions\/743"}],"wp:attachment":[{"href":"https:\/\/eifel-camping.de\/index.php?rest_route=%2Fwp%2Fv2%2Fmedia&parent=535"}],"curies":[{"name":"wp","href":"https:\/\/api.w.org\/{rel}","templated":true}]}}