{"id":330,"date":"2017-08-12T10:19:24","date_gmt":"2017-08-12T08:19:24","guid":{"rendered":"http:\/\/eifel-camping.de\/?page_id=330"},"modified":"2017-08-13T12:08:15","modified_gmt":"2017-08-13T10:08:15","slug":"links","status":"publish","type":"page","link":"https:\/\/eifel-camping.de\/?page_id=330","title":{"rendered":"Links"},"content":{"rendered":"<figure id=\"attachment_335\" aria-describedby=\"caption-attachment-335\" style=\"width: 300px\" class=\"wp-caption alignright\"><img loading=\"lazy\" decoding=\"async\" class=\"wp-image-335 size-medium\" src=\"http:\/\/eifel-camping.de\/wp-content\/uploads\/2017\/08\/mountain_1-300x153.jpg\" alt=\"\" width=\"300\" height=\"153\" srcset=\"https:\/\/eifel-camping.de\/wp-content\/uploads\/2017\/08\/mountain_1-300x153.jpg 300w, https:\/\/eifel-camping.de\/wp-content\/uploads\/2017\/08\/mountain_1-768x392.jpg 768w, https:\/\/eifel-camping.de\/wp-content\/uploads\/2017\/08\/mountain_1.jpg 809w\" sizes=\"auto, (max-width: 300px) 100vw, 300px\" \/><figcaption id=\"caption-attachment-335\" class=\"wp-caption-text\">Tripple Mountain Ranch<\/figcaption><\/figure>\n<p>Die Erlebnisregion Nordeifel hat noch mehr zu bieten. Egal f\u00fcr was Sie sich interessieren &#8211; f\u00fcr Gro\u00df und Klein haben wir in unseren Erlebnisregion Nordeifel\u00a0verschiedene Freizeitm\u00f6glichkeiten. Bei dieser Gelegenheit m\u00f6chten wir Ihnen auch die Wanderreitstation &#8222;Tripple Mountain Ranch&#8220; in unserem Dorf nicht vorenthalten.<\/p>\n<p>Tauchen Sie ein in eine andere Welt. Ob nur f\u00fcr ein <strong>Wochenende<\/strong> oder den <strong>Urlaub<\/strong>: Direkt vor den Toren der gro\u00dfen St\u00e4dte am Rhein zeigt Ihnen Camping Dickerscheid\u00a0einige M\u00f6glichkeiten auf, den Alltag hinter sich zu lassen. <strong>Nah dran. Weit weg<\/strong>!<\/p>\n<p>Angeln<\/p>\n<p><a title=\"Radtouren in der Nordeifel finden Sie in der kostenlosen 60-seitigen Radbrosch\u00fcre \u201e14 Fahrradtouren in der Nordeifel sowie Kontaktadress f\u00fcr den Fahradverleih\u201c. Die Brosch\u00fcre h\u00e4lt viele n\u00fctzliche Informationen bereit\" href=\"http:\/\/www.hellenthal.de\/tourismus\/sport-aktivurlaub\/radfahren\/\" target=\"_blank\" rel=\"noopener\">Fahrradverleih und Routen\/Touren<\/a><\/p>\n<p><a title=\"Eine Liste von Grillh\u00fctten die Sie Buchen k\u00f6nnen\" href=\"http:\/\/www.nordeifel-tourismus.de\/fileadmin\/content\/gastlichkeit\/pdf\/Grillhuette_24052017.pdf\" target=\"_blank\" rel=\"noopener\">Grillpl\u00e4tze und Grillh\u00fctten<\/a><\/p>\n<p><a title=\"Das Areal der Eifel-Therme-Zikkurat umfasst ca. 13.000 Quadratmeter und beheimatet ein Erlebnisbad f\u00fcr -Gro\u00df und Klein- sowie eine moderne und ansprechende Saunalandschaft.\" href=\"http:\/\/www.eifel-therme-zikkurat.de\/de\/Bad.html\" target=\"_blank\" rel=\"noopener\">Schwimmen in der Eifeltherme Zikkurat<\/a><\/p>\n<p><a title=\"100% Team-Erlebnis! Der Hochseilgarten richtet sich an alle Gruppen, die gemeinsam etwas unternehmen wollen. An den hohen und niedrigen Stationen warten verschiedene Aufgaben auf die Teilnehmer.\" href=\"https:\/\/www.hochseilgarten-nettersheim.de\/\" target=\"_blank\" rel=\"noopener\">Hochseilgarten Nettersheim<\/a><\/p>\n<p><a title=\"F\u00fcr G\u00e4ste die mit Pferden ankommen m\u00f6chten und dort \u00fcbernachten wollen. Kein Pferdeverleih!\" href=\"https:\/\/www.triple-mountain-ranch.de\/\" target=\"_blank\" rel=\"noopener\">Reiten\u00a0Tripple Montain Ranch<\/a><\/p>\n<p><a title=\"Die Minigolfanlage von Gem\u00fcnd erfreut sich bei Jung und Alt gro\u00dfer Beliebtheit. In den Saisonmonaten k\u00f6nnen Sie hier einen entspannten Tag mit der Familie verbringen und Ihr Geschick auf den 18 Bahnen beweisen. \" href=\"http:\/\/www.schleiden.de\/sv_schleiden\/Tourismus\/Sehen%20&amp;%20Erleben\/Freizeittipps\/Minigolf\/\" target=\"_blank\" rel=\"noopener\">Mini- und Kleingolf<\/a><\/p>\n<p><a href=\"http:\/\/www.nationalpark-eifel.de\/go\/eifel\/german\/Auf_eigene_Faust\/Kutschfahrten.html\" target=\"_blank\" rel=\"noopener\">Kutschenfahrten<\/a><\/p>\n<p><a title=\"Action &amp; Abenteuer im \u00fcber 2000 Quadratmeter gro\u00dfen Indoor-Spielpark im Kaller aktivpark direkt am Nationalpark Eifel. Auch Interessant wenn das Wetter mal nicht so will...\" href=\"http:\/\/www.aktivpark-kall.de\/\" target=\"_blank\" rel=\"noopener\">Sport- und Freizeit-Center Kall<\/a><\/p>\n<p>&nbsp;<\/p>\n","protected":false},"excerpt":{"rendered":"<p>Die Erlebnisregion Nordeifel hat noch mehr zu bieten. Egal f\u00fcr was Sie sich interessieren &#8211; f\u00fcr Gro\u00df und Klein haben wir in unseren Erlebnisregion Nordeifel\u00a0verschiedene Freizeitm\u00f6glichkeiten. Bei dieser Gelegenheit m\u00f6chten wir Ihnen auch die Wanderreitstation &#8222;Tripple Mountain Ranch&#8220; in unserem <a class=\"more-link\" href=\"https:\/\/eifel-camping.de\/?page_id=330\"><span class=\"screen-reader-text\">  Links<\/span> weiterlesen<span class=\"meta-nav\">&rarr;<\/span><\/a><\/p>\n","protected":false},"author":1,"featured_media":0,"parent":0,"menu_order":0,"comment_status":"open","ping_status":"closed","template":"","meta":{"footnotes":""},"class_list":["post-330","page","type-page","status-publish","hentry"],"_links":{"self":[{"href":"https:\/\/eifel-camping.de\/index.php?rest_route=\/wp\/v2\/pages\/330","targetHints":{"allow":["GET"]}}],"collection":[{"href":"https:\/\/eifel-camping.de\/index.php?rest_route=\/wp\/v2\/pages"}],"about":[{"href":"https:\/\/eifel-camping.de\/index.php?rest_route=\/wp\/v2\/types\/page"}],"author":[{"embeddable":true,"href":"https:\/\/eifel-camping.de\/index.php?rest_route=\/wp\/v2\/users\/1"}],"replies":[{"embeddable":true,"href":"https:\/\/eifel-camping.de\/index.php?rest_route=%2Fwp%2Fv2%2Fcomments&post=330"}],"version-history":[{"count":29,"href":"https:\/\/eifel-camping.de\/index.php?rest_route=\/wp\/v2\/pages\/330\/revisions"}],"predecessor-version":[{"id":380,"href":"https:\/\/eifel-camping.de\/index.php?rest_route=\/wp\/v2\/pages\/330\/revisions\/380"}],"wp:attachment":[{"href":"https:\/\/eifel-camping.de\/index.php?rest_route=%2Fwp%2Fv2%2Fmedia&parent=330"}],"curies":[{"name":"wp","href":"https:\/\/api.w.org\/{rel}","templated":true}]}}