{"id":24,"date":"2017-01-29T13:01:53","date_gmt":"2017-01-29T13:01:53","guid":{"rendered":"http:\/\/camping-hellenthal.de\/?page_id=24"},"modified":"2024-10-11T11:42:53","modified_gmt":"2024-10-11T09:42:53","slug":"merkmale","status":"publish","type":"page","link":"https:\/\/eifel-camping.de\/?page_id=24","title":{"rendered":"Merkmale"},"content":{"rendered":"<table border=\"0\" width=\"649\" cellspacing=\"0\" cellpadding=\"0\">\n<tbody>\n<tr>\n<td colspan=\"2\" scope=\"col\" valign=\"top\">\n<h4>Als Gastgeber schreiben wir Service gro\u00df!<\/h4>\n<\/td>\n<\/tr>\n<tr>\n<td scope=\"col\" align=\"center\" valign=\"top\"><img loading=\"lazy\" decoding=\"async\" class=\"alignnone wp-image-33 size-full\" src=\"https:\/\/eifel-camping.de\/wp-content\/uploads\/2017\/01\/service_08.gif\" alt=\"Kaffee &amp;amp; Br\u00f6tchen\" width=\"42\" height=\"42\" \/><br \/>\n<img loading=\"lazy\" decoding=\"async\" class=\"alignnone wp-image-32 size-full\" src=\"https:\/\/eifel-camping.de\/wp-content\/uploads\/2017\/01\/service_06.gif\" alt=\"\" width=\"42\" height=\"42\" \/><br \/>\n<img loading=\"lazy\" decoding=\"async\" class=\"alignnone wp-image-31 size-full\" src=\"https:\/\/eifel-camping.de\/wp-content\/uploads\/2017\/01\/service_05.gif\" alt=\"\" width=\"42\" height=\"42\" \/><br \/>\n<img loading=\"lazy\" decoding=\"async\" class=\"alignnone wp-image-30 size-full\" src=\"https:\/\/eifel-camping.de\/wp-content\/uploads\/2017\/01\/service_04.gif\" alt=\"\" width=\"42\" height=\"42\" \/><br \/>\n<img loading=\"lazy\" decoding=\"async\" class=\"alignnone wp-image-29 size-full\" src=\"https:\/\/eifel-camping.de\/wp-content\/uploads\/2017\/01\/service_03.gif\" alt=\"\" width=\"42\" height=\"42\" \/><br \/>\n<img loading=\"lazy\" decoding=\"async\" class=\"alignnone wp-image-28 size-full\" src=\"https:\/\/eifel-camping.de\/wp-content\/uploads\/2017\/01\/service_02.gif\" alt=\"\" width=\"42\" height=\"42\" \/><br \/>\n<img loading=\"lazy\" decoding=\"async\" class=\"alignnone wp-image-27 size-full\" src=\"https:\/\/eifel-camping.de\/wp-content\/uploads\/2017\/01\/service_07.gif\" alt=\"\" width=\"42\" height=\"42\" \/><br \/>\n<img loading=\"lazy\" decoding=\"async\" class=\"alignnone wp-image-26 size-full\" src=\"https:\/\/eifel-camping.de\/wp-content\/uploads\/2017\/01\/service_01.gif\" alt=\"\" width=\"42\" height=\"42\" \/><\/td>\n<td rowspan=\"6\" scope=\"col\" align=\"left\" valign=\"&quot;topAllgemeine\"><strong>Allgemeine Einrichtungen<\/strong><\/p>\n<ul>\n<li>Von Ostern bis Oktober an den Wochenenden frische Br\u00f6tchen auf Bestellung.<\/li>\n<li>Gasverkauf \/ Gasstation<\/li>\n<li>Getr\u00e4nkeverkauf<\/li>\n<li>Snacks, Eis, und kleine warme Menues<\/li>\n<li>Telefon<\/li>\n<li>Reservierung<\/li>\n<li>Tageszeitung<\/li>\n<li>Parkm\u00f6glichkeiten direkt bei uns<\/li>\n<li>Hunde sind erlaubt<\/li>\n<\/ul>\n<p><!--weitere Tipps und Infos finden Sie hier!Leer lassen --> <strong><span class=\"text-gross\">Sanit\u00e4r und Wascheinrichtungen<\/span><\/strong><\/p>\n<ul>\n<li>Toiletten<\/li>\n<li>Warmwasser-Duschkabinen<\/li>\n<li>Warmwasser-Waschbecken<\/li>\n<li>Spezielle Toilette f\u00fcr chemischen Abfall<\/li>\n<li>Einrichtung zum Geschirrsp\u00fclen<\/li>\n<li>Fussbodenbeheizte Sanit\u00e4reiinrichtung<\/li>\n<\/ul>\n<\/td>\n<\/tr>\n<\/tbody>\n<\/table>\n","protected":false},"excerpt":{"rendered":"<p>Als Gastgeber schreiben wir Service gro\u00df! Allgemeine Einrichtungen Von Ostern bis Oktober an den Wochenenden frische Br\u00f6tchen auf Bestellung. Gasverkauf \/ Gasstation Getr\u00e4nkeverkauf Snacks, Eis, und kleine warme Menues Telefon Reservierung Tageszeitung Parkm\u00f6glichkeiten direkt bei uns Hunde sind erlaubt Sanit\u00e4r <a class=\"more-link\" href=\"https:\/\/eifel-camping.de\/?page_id=24\"><span class=\"screen-reader-text\">  Merkmale<\/span> weiterlesen<span class=\"meta-nav\">&rarr;<\/span><\/a><\/p>\n","protected":false},"author":1,"featured_media":0,"parent":2,"menu_order":1,"comment_status":"closed","ping_status":"closed","template":"","meta":{"footnotes":""},"class_list":["post-24","page","type-page","status-publish","hentry"],"_links":{"self":[{"href":"https:\/\/eifel-camping.de\/index.php?rest_route=\/wp\/v2\/pages\/24","targetHints":{"allow":["GET"]}}],"collection":[{"href":"https:\/\/eifel-camping.de\/index.php?rest_route=\/wp\/v2\/pages"}],"about":[{"href":"https:\/\/eifel-camping.de\/index.php?rest_route=\/wp\/v2\/types\/page"}],"author":[{"embeddable":true,"href":"https:\/\/eifel-camping.de\/index.php?rest_route=\/wp\/v2\/users\/1"}],"replies":[{"embeddable":true,"href":"https:\/\/eifel-camping.de\/index.php?rest_route=%2Fwp%2Fv2%2Fcomments&post=24"}],"version-history":[{"count":7,"href":"https:\/\/eifel-camping.de\/index.php?rest_route=\/wp\/v2\/pages\/24\/revisions"}],"predecessor-version":[{"id":98257,"href":"https:\/\/eifel-camping.de\/index.php?rest_route=\/wp\/v2\/pages\/24\/revisions\/98257"}],"up":[{"embeddable":true,"href":"https:\/\/eifel-camping.de\/index.php?rest_route=\/wp\/v2\/pages\/2"}],"wp:attachment":[{"href":"https:\/\/eifel-camping.de\/index.php?rest_route=%2Fwp%2Fv2%2Fmedia&parent=24"}],"curies":[{"name":"wp","href":"https:\/\/api.w.org\/{rel}","templated":true}]}}