{"id":22,"date":"2017-01-29T12:59:58","date_gmt":"2017-01-29T12:59:58","guid":{"rendered":"http:\/\/camping-hellenthal.de\/?page_id=22"},"modified":"2023-02-05T08:26:11","modified_gmt":"2023-02-05T07:26:11","slug":"beschreibung","status":"publish","type":"page","link":"https:\/\/eifel-camping.de\/?page_id=22","title":{"rendered":"Beschreibung"},"content":{"rendered":"<p><a href=\"http:\/\/eifel-camping.de\/wp-content\/uploads\/2023\/02\/platz_01.jpg\"><img loading=\"lazy\" decoding=\"async\" class=\"alignnone wp-image-98213 size-full\" src=\"http:\/\/eifel-camping.de\/wp-content\/uploads\/2023\/02\/platz_01.jpg\" alt=\"\" width=\"260\" height=\"195\" \/><\/a>Die Freizeitanlage &#8222;Camping Dickerscheid&#8220; liegt in einem naturbelassenen, gro\u00dfem Berg- und Waldgel\u00e4nde in den H\u00f6henlagen von Hellenthal am Rande der Schneeifel (600m \u00fc NN) Die Stellpl\u00e4tze (bis 80-120 qm) sind teilweise parzelliert und durch Busch- und Tannenhecken unterteilt. Im oberen Bereich des Camping-Platzes sind die Stellpl\u00e4tze Terrassenf\u00f6rmig angelegt. Somit bekommt der Gast bei uns einen Blick bis weit in das Tal hinein.<\/p>\n<p><a href=\"http:\/\/eifel-camping.de\/wp-content\/uploads\/2023\/02\/wc.jpg\"><img loading=\"lazy\" decoding=\"async\" class=\"wp-image-98214 size-full alignleft\" src=\"http:\/\/eifel-camping.de\/wp-content\/uploads\/2023\/02\/wc.jpg\" alt=\"\" width=\"172\" height=\"230\" \/><\/a>Der Campingplatz ist komfortabel ausgestattet. Jeder Platz ist mit Wasser-, Abwasser- und Stromanschluss ausgestattet. Die WC-Anlagen sind neu eingerichtet. Parkm\u00f6glichkeiten sind ausreichend vorhanden. Hunde sind erlaubt.<\/p>\n<div align=\"justify\"><\/div>\n<p align=\"justify\">Der Platz verf\u00fcgt \u00fcber 20 Reise- und 90 Dauerpl\u00e4tze und ist ganzj\u00e4hrig ge\u00f6ffnet. In der N\u00e4he des Campingplatzes befinden sich Sehensw\u00fcrdigkeiten, wie die Oleftalsperre, das Wildfreigehege Hellenthal die Burg Reiffer- scheid und das Besucherbergwerk Grube Wohlfahrt sowie das Naturschutzgebiet Nationalpark Eifel.<\/p>\n<p><!--more--><br \/>\n[ratings]<br \/>\n<!--more--><\/p>\n","protected":false},"excerpt":{"rendered":"<p>Die Freizeitanlage &#8222;Camping Dickerscheid&#8220; liegt in einem naturbelassenen, gro\u00dfem Berg- und Waldgel\u00e4nde in den H\u00f6henlagen von Hellenthal am Rande der Schneeifel (600m \u00fc NN) Die Stellpl\u00e4tze (bis 80-120 qm) sind teilweise parzelliert und durch Busch- und Tannenhecken unterteilt. Im oberen <a class=\"more-link\" href=\"https:\/\/eifel-camping.de\/?page_id=22\"><span class=\"screen-reader-text\">  Beschreibung<\/span> weiterlesen<span class=\"meta-nav\">&rarr;<\/span><\/a><\/p>\n","protected":false},"author":1,"featured_media":0,"parent":2,"menu_order":0,"comment_status":"closed","ping_status":"closed","template":"","meta":{"footnotes":""},"class_list":["post-22","page","type-page","status-publish","hentry"],"_links":{"self":[{"href":"https:\/\/eifel-camping.de\/index.php?rest_route=\/wp\/v2\/pages\/22","targetHints":{"allow":["GET"]}}],"collection":[{"href":"https:\/\/eifel-camping.de\/index.php?rest_route=\/wp\/v2\/pages"}],"about":[{"href":"https:\/\/eifel-camping.de\/index.php?rest_route=\/wp\/v2\/types\/page"}],"author":[{"embeddable":true,"href":"https:\/\/eifel-camping.de\/index.php?rest_route=\/wp\/v2\/users\/1"}],"replies":[{"embeddable":true,"href":"https:\/\/eifel-camping.de\/index.php?rest_route=%2Fwp%2Fv2%2Fcomments&post=22"}],"version-history":[{"count":9,"href":"https:\/\/eifel-camping.de\/index.php?rest_route=\/wp\/v2\/pages\/22\/revisions"}],"predecessor-version":[{"id":98217,"href":"https:\/\/eifel-camping.de\/index.php?rest_route=\/wp\/v2\/pages\/22\/revisions\/98217"}],"up":[{"embeddable":true,"href":"https:\/\/eifel-camping.de\/index.php?rest_route=\/wp\/v2\/pages\/2"}],"wp:attachment":[{"href":"https:\/\/eifel-camping.de\/index.php?rest_route=%2Fwp%2Fv2%2Fmedia&parent=22"}],"curies":[{"name":"wp","href":"https:\/\/api.w.org\/{rel}","templated":true}]}}