{"id":203,"date":"2017-07-16T12:50:02","date_gmt":"2017-07-16T12:50:02","guid":{"rendered":"http:\/\/camping-hellenthal.de\/?page_id=203"},"modified":"2017-07-16T12:50:02","modified_gmt":"2017-07-16T12:50:02","slug":"geschenkgutschein","status":"publish","type":"page","link":"https:\/\/eifel-camping.de\/?page_id=203","title":{"rendered":"Geschenkgutschein"},"content":{"rendered":"<p><a href=\"http:\/\/camping-hellenthal.de\/wp-content\/uploads\/2017\/07\/geschenk_01.jpg\"><img loading=\"lazy\" decoding=\"async\" class=\"size-medium wp-image-204 alignleft\" src=\"http:\/\/camping-hellenthal.de\/wp-content\/uploads\/2017\/07\/geschenk_01-225x300.jpg\" alt=\"\" width=\"225\" height=\"300\" srcset=\"https:\/\/eifel-camping.de\/wp-content\/uploads\/2017\/07\/geschenk_01-225x300.jpg 225w, https:\/\/eifel-camping.de\/wp-content\/uploads\/2017\/07\/geschenk_01.jpg 300w\" sizes=\"auto, (max-width: 225px) 100vw, 225px\" \/><\/a>Bei der Vielzahl an Geschenkideen ist es nicht einfach, das ideale Geschenk zu finden. Schenken Sie einen Gutschein f\u00fcr einen Erlebnistag oder Wochenende im einem unseren urigen Holzf\u00e4ssern.<\/p>\n<h4 style=\"text-align: center;\">Sch\u00f6ner kann man nicht schenken.<\/h4>\n<p>Ob Kinderkomunion, Konfirmation, Hochzeit oder Geburtstag ein Geschenk, was mit Sicherheit ein unvergessenes Erlebniss bleibt.<br \/>\n02482 &#8211; 2298\u00a0an und bestellen Sie einen Gutschein bei uns.<\/p>\n","protected":false},"excerpt":{"rendered":"<p>Bei der Vielzahl an Geschenkideen ist es nicht einfach, das ideale Geschenk zu finden. Schenken Sie einen Gutschein f\u00fcr einen Erlebnistag oder Wochenende im einem unseren urigen Holzf\u00e4ssern. Sch\u00f6ner kann man nicht schenken. Ob Kinderkomunion, Konfirmation, Hochzeit oder Geburtstag ein <a class=\"more-link\" href=\"https:\/\/eifel-camping.de\/?page_id=203\"><span class=\"screen-reader-text\">  Geschenkgutschein<\/span> weiterlesen<span class=\"meta-nav\">&rarr;<\/span><\/a><\/p>\n","protected":false},"author":1,"featured_media":0,"parent":0,"menu_order":0,"comment_status":"closed","ping_status":"closed","template":"","meta":{"footnotes":""},"class_list":["post-203","page","type-page","status-publish","hentry"],"_links":{"self":[{"href":"https:\/\/eifel-camping.de\/index.php?rest_route=\/wp\/v2\/pages\/203","targetHints":{"allow":["GET"]}}],"collection":[{"href":"https:\/\/eifel-camping.de\/index.php?rest_route=\/wp\/v2\/pages"}],"about":[{"href":"https:\/\/eifel-camping.de\/index.php?rest_route=\/wp\/v2\/types\/page"}],"author":[{"embeddable":true,"href":"https:\/\/eifel-camping.de\/index.php?rest_route=\/wp\/v2\/users\/1"}],"replies":[{"embeddable":true,"href":"https:\/\/eifel-camping.de\/index.php?rest_route=%2Fwp%2Fv2%2Fcomments&post=203"}],"version-history":[{"count":1,"href":"https:\/\/eifel-camping.de\/index.php?rest_route=\/wp\/v2\/pages\/203\/revisions"}],"predecessor-version":[{"id":205,"href":"https:\/\/eifel-camping.de\/index.php?rest_route=\/wp\/v2\/pages\/203\/revisions\/205"}],"wp:attachment":[{"href":"https:\/\/eifel-camping.de\/index.php?rest_route=%2Fwp%2Fv2%2Fmedia&parent=203"}],"curies":[{"name":"wp","href":"https:\/\/api.w.org\/{rel}","templated":true}]}}