{"id":143,"date":"2017-07-16T11:05:32","date_gmt":"2017-07-16T11:05:32","guid":{"rendered":"http:\/\/camping-hellenthal.de\/?page_id=143"},"modified":"2019-01-05T16:04:17","modified_gmt":"2019-01-05T15:04:17","slug":"ardennen-culture-boulervard","status":"publish","type":"page","link":"https:\/\/eifel-camping.de\/?page_id=143","title":{"rendered":"Ardennen Culture Boulervard"},"content":{"rendered":"<p><a href=\"http:\/\/www.ardenner-center.net\/de\/home-1.html\" target=\"_blank\" rel=\"noopener\"><img loading=\"lazy\" decoding=\"async\" class=\"alignnone wp-image-142 size-full\" src=\"http:\/\/camping-hellenthal.de\/wp-content\/uploads\/2017\/07\/logo_ardennencenter.png\" alt=\"\" width=\"1900\" height=\"289\" srcset=\"https:\/\/eifel-camping.de\/wp-content\/uploads\/2017\/07\/logo_ardennencenter.png 1900w, https:\/\/eifel-camping.de\/wp-content\/uploads\/2017\/07\/logo_ardennencenter-300x46.png 300w, https:\/\/eifel-camping.de\/wp-content\/uploads\/2017\/07\/logo_ardennencenter-768x117.png 768w, https:\/\/eifel-camping.de\/wp-content\/uploads\/2017\/07\/logo_ardennencenter-1024x156.png 1024w\" sizes=\"auto, (max-width: 1900px) 100vw, 1900px\" \/><\/a><\/p>\n<p>Losheim liegt mitten in einem herrlichen Waldgebiet der Hocheifel. Ein beliebtes Ausflugsziel f\u00fcr Wanderer und Naturfreunde im deutsch-belgischen Grenzgebiet, nur wenige Kilometer von Luxemburg entfernt. Aber es ist nicht die Natur allein, es sind nicht einmal die grenzenlosen Entdeckungs-M\u00f6glichkeiten im Dreil\u00e4ndereck, die Losheim zu einem Touristenziel erster G\u00fcte machen. Das &#8222;Ardenner Center&#8220; steht ganz oben auf der Zielliste reisefreudiger Camper.<\/p>\n<p>In ihm finden sich neben der Internationalen Kirchen-Krippenausstellung &#8222;Krippana&#8220;, der &#8222;EuroTecnica&#8220;, einer der gr\u00f6\u00dften digitalen Modelleisenbahnen Europas, auch die kulinarischen Attraktionen, f\u00fcr die Belgien ber\u00fchmt ist, vom Ardenner Schinken bis zum Trappistenbier.<\/p>\n<p>Das Ardenner Center wird nicht nur wegen seines \u00fcppigen Angebots f\u00fcr Feinschmecker und Genie\u00dfer angesteuert, sondern auch wegen seiner ber\u00fchmten Ausstellungen.<\/p>\n<p><iframe loading=\"lazy\" title=\"Ardenner Cultur Boulevard\" width=\"530\" height=\"298\" src=\"https:\/\/www.youtube.com\/embed\/k4FkTGmbQVk?feature=oembed\" frameborder=\"0\" allow=\"accelerometer; autoplay; clipboard-write; encrypted-media; gyroscope; picture-in-picture; web-share\" referrerpolicy=\"strict-origin-when-cross-origin\" allowfullscreen><\/iframe><\/p>\n<p><strong>Die Krippana:<\/strong> KUNST &#8211; KULTUR &#8211; TRADITION<br \/>\nDie Krippana ist eine ganzj\u00e4hrige Krippenausstellung, gezeigt werden Kirchenkrippen aus ganz Europa, mechanische Krippen, bedeutende Landschaftskrippen aus Spanien und Italien, eine Aussenkrippe mit lebenden Tieren. \u00dcber 300 Exponate aus allen Kontinenten. Als Sonderausstellung zeigen wir SHONA &#8211; KUNSTWERKE aus Zimbabwe. Exklusiv werden Steinskulpturen gezeigt, welche die Geburt Christi darstellen. Thematische Sonderausstellungen: Bis M\u00e4rz 2006 Krippen aus dem Orient. 2.500 qm Ausstellungsfl\u00e4che. T\u00e4glich ge\u00f6ffnet von 10 bis 18 Uhr. Montags ist Ruhetag.<\/p>\n<p><strong>Die EURO TECNICA<\/strong> &#8211; Das Modellbahncenter in der Eifel<br \/>\nIn einem Alten Zollamt, direkt an der deutsch-belgischen Grenze erleben Sie eine 200 qm grosse vollst\u00e4ndig digitalgesteuerte Modelleisenbahnanlage. \u00dcber 100 Z\u00fcge rauschen auf 2000 m verlegter Gleise. Vorbild f\u00fcr die Anlage sind Eifel u. Ardennen Landschaften. Bestechend die Details, die der aufmerksame Besucher erblicken kann. Unter dem Motto Spielen &#8211; Lernen &#8211; Erfinden werden verschiedene Sonderausstellungen gezeigt. Ob Dioramen oder Plastikmodellbau immer wieder etwas Neues. Die Ostra Sammlung zeigt als Sonderausstellung seltene Fabrikschilder von 1870 bis 1960, sowie M\u00e4rklin Spielzeug von 1890 bis 1970. Ein Erlebnis f\u00fcr Jung und Alt.<br \/>\n\u00d6ffnungszeiten: Dienstags bis Freitags von 12 bis 18 Uhr. Samstags, Sonntags und Feiertags von 10 bis 18 Uhr. Montags ist Ruhetag.<\/p>\n<p><strong>Die Puppentraumwelt<\/strong><br \/>\nEine historisch, k\u00fcnstlerische Reise in die Vergangenheit<br \/>\nDie Puppentraumwelt ist eine Ausstellung antiker Puppen die in Szene gesetzt sind. Hierbei handelt es sich um ca. 200 Antike Porzellan, Wachs, Papiermach\u00e9, Holz und Celluloid Puppen von 1800 bis 1940 sowie einige moderne ethnologische K\u00fcnstlerpuppen. Das ganze ist in einer alten Gasse aufgebaut, der Besucher f\u00fchlt sich zur\u00fcckgesetzt in das Jahr 1905. Bewundern kann man einen Kolonialwarenladen in einem alten Stuckhaus, die gute alte Wohnstube einer reichen Familie in der Kaiserzeit, eine historische K\u00fcche oder den Puppendoktor in seiner Werkstatt. F\u00fcr Sammler ein Muss, f\u00fcr Gro\u00dfeltern eine Reise in die Kindheit und f\u00fcr alle Anderen ein unvergessliches Erlebnis.<\/p>\n","protected":false},"excerpt":{"rendered":"<p>Losheim liegt mitten in einem herrlichen Waldgebiet der Hocheifel. Ein beliebtes Ausflugsziel f\u00fcr Wanderer und Naturfreunde im deutsch-belgischen Grenzgebiet, nur wenige Kilometer von Luxemburg entfernt. Aber es ist nicht die Natur allein, es sind nicht einmal die grenzenlosen Entdeckungs-M\u00f6glichkeiten im <a class=\"more-link\" href=\"https:\/\/eifel-camping.de\/?page_id=143\"><span class=\"screen-reader-text\">  Ardennen Culture Boulervard<\/span> weiterlesen<span class=\"meta-nav\">&rarr;<\/span><\/a><\/p>\n","protected":false},"author":1,"featured_media":0,"parent":0,"menu_order":0,"comment_status":"closed","ping_status":"closed","template":"","meta":{"footnotes":""},"class_list":["post-143","page","type-page","status-publish","hentry"],"_links":{"self":[{"href":"https:\/\/eifel-camping.de\/index.php?rest_route=\/wp\/v2\/pages\/143","targetHints":{"allow":["GET"]}}],"collection":[{"href":"https:\/\/eifel-camping.de\/index.php?rest_route=\/wp\/v2\/pages"}],"about":[{"href":"https:\/\/eifel-camping.de\/index.php?rest_route=\/wp\/v2\/types\/page"}],"author":[{"embeddable":true,"href":"https:\/\/eifel-camping.de\/index.php?rest_route=\/wp\/v2\/users\/1"}],"replies":[{"embeddable":true,"href":"https:\/\/eifel-camping.de\/index.php?rest_route=%2Fwp%2Fv2%2Fcomments&post=143"}],"version-history":[{"count":4,"href":"https:\/\/eifel-camping.de\/index.php?rest_route=\/wp\/v2\/pages\/143\/revisions"}],"predecessor-version":[{"id":637,"href":"https:\/\/eifel-camping.de\/index.php?rest_route=\/wp\/v2\/pages\/143\/revisions\/637"}],"wp:attachment":[{"href":"https:\/\/eifel-camping.de\/index.php?rest_route=%2Fwp%2Fv2%2Fmedia&parent=143"}],"curies":[{"name":"wp","href":"https:\/\/api.w.org\/{rel}","templated":true}]}}