{"id":136,"date":"2017-07-16T10:58:34","date_gmt":"2017-07-16T10:58:34","guid":{"rendered":"http:\/\/camping-hellenthal.de\/?page_id=136"},"modified":"2017-07-16T11:00:33","modified_gmt":"2017-07-16T11:00:33","slug":"wildgehege-hellenthal","status":"publish","type":"page","link":"https:\/\/eifel-camping.de\/?page_id=136","title":{"rendered":"Wildgehege Hellenthal"},"content":{"rendered":"<p>&#8230;ein Erlebnis f\u00fcr die ganze Familie &#8211; immer wieder.<\/p>\n<p>Eine besondere Attraktion inmitten des Naturparks Nordeifel ist das Wildgehege Hellenthal.<br \/>\nSeit \u00fcber 30 Jahren ein gro\u00dfz\u00fcgiger und freier Lebensraum f\u00fcr viele Tierarten und zugleich ein Erholungspark mit hohem Freizeitwert f\u00fcr seine Besucher.<\/p>\n<p align=\"justify\">Das <a href=\"http:\/\/www.wildgehege-hellenthal.de\/\" target=\"_blank\" rel=\"noopener\">Wildgehege Hellenthal<\/a> wurde 1967 von dem Deutsch-Argentinier Guillermo Staudt seiner Bestimmung \u00fcbergeben. 1976 ging der Park in den Besitz des arabischen Gro\u00dfkaufmanns Salem Ebrahim Al-Saman (Abu Dhabi-Vereinigte Arabische Emirate) \u00fcber.<br \/>\nDer Park ist 65 ha gro\u00df und beherbergt vornehmlich die einheimischen Wildarten wie Rotwild, Damwild, Schwarzwild, Muffelwild, Steinwild, Luchs, Fuchs, Wildkatze, Auerochsen, Wildpferde, Braunb\u00e4ren, Wisente u.s.w.<\/p>\n<figure id=\"attachment_113\" aria-describedby=\"caption-attachment-113\" style=\"width: 300px\" class=\"wp-caption aligncenter\"><a href=\"http:\/\/camping-hellenthal.de\/wp-content\/uploads\/2017\/07\/wp_lux.jpg\"><img loading=\"lazy\" decoding=\"async\" class=\"size-medium wp-image-113\" src=\"http:\/\/camping-hellenthal.de\/wp-content\/uploads\/2017\/07\/wp_lux-300x200.jpg\" alt=\"\" width=\"300\" height=\"200\" srcset=\"https:\/\/eifel-camping.de\/wp-content\/uploads\/2017\/07\/wp_lux-300x200.jpg 300w, https:\/\/eifel-camping.de\/wp-content\/uploads\/2017\/07\/wp_lux-768x512.jpg 768w, https:\/\/eifel-camping.de\/wp-content\/uploads\/2017\/07\/wp_lux.jpg 900w\" sizes=\"auto, (max-width: 300px) 100vw, 300px\" \/><\/a><figcaption id=\"caption-attachment-113\" class=\"wp-caption-text\">Wildfreigehege<\/figcaption><\/figure>\n<figure id=\"attachment_104\" aria-describedby=\"caption-attachment-104\" style=\"width: 300px\" class=\"wp-caption aligncenter\"><a href=\"http:\/\/camping-hellenthal.de\/wp-content\/uploads\/2017\/07\/wp_adler.jpg\"><img loading=\"lazy\" decoding=\"async\" class=\"size-medium wp-image-104\" src=\"http:\/\/camping-hellenthal.de\/wp-content\/uploads\/2017\/07\/wp_adler-300x200.jpg\" alt=\"\" width=\"300\" height=\"200\" srcset=\"https:\/\/eifel-camping.de\/wp-content\/uploads\/2017\/07\/wp_adler-300x200.jpg 300w, https:\/\/eifel-camping.de\/wp-content\/uploads\/2017\/07\/wp_adler-768x512.jpg 768w, https:\/\/eifel-camping.de\/wp-content\/uploads\/2017\/07\/wp_adler.jpg 900w\" sizes=\"auto, (max-width: 300px) 100vw, 300px\" \/><\/a><figcaption id=\"caption-attachment-104\" class=\"wp-caption-text\">Greifvogelstation<\/figcaption><\/figure>\n<p>Als Hauptattraktion ist jedoch die weit \u00fcber Deutschlands Grenzen hinaus bekannte <a href=\"http:\/\/www.greifvogelstation-hellenthal.de\/index.php\/de\/\" target=\"_blank\" rel=\"noopener\">Greifvogelstation<\/a> anzusehen. Die Besucher k\u00f6nnen hier t\u00e4glich die majest\u00e4tischen Adler, segelnde Bussarde, Milane und pfeilschnelle Falken im freien Flug erleben.<br \/>\nDar\u00fcber hinaus leistet man in Hellenthal einen bedeutenden Beitrag f\u00fcr die bedrohte Tierwelt. Praktizierter Umwelt-und Artenschutz f\u00fchrte zu erfolgreichen Nachzuchten von Wei\u00dfkopfseeadler, Falke, Uhu, Luchs, Formosa-Sikawild u.v.m.<\/p>\n","protected":false},"excerpt":{"rendered":"<p>&#8230;ein Erlebnis f\u00fcr die ganze Familie &#8211; immer wieder. Eine besondere Attraktion inmitten des Naturparks Nordeifel ist das Wildgehege Hellenthal. Seit \u00fcber 30 Jahren ein gro\u00dfz\u00fcgiger und freier Lebensraum f\u00fcr viele Tierarten und zugleich ein Erholungspark mit hohem Freizeitwert f\u00fcr <a class=\"more-link\" href=\"https:\/\/eifel-camping.de\/?page_id=136\"><span class=\"screen-reader-text\">  Wildgehege Hellenthal<\/span> weiterlesen<span class=\"meta-nav\">&rarr;<\/span><\/a><\/p>\n","protected":false},"author":1,"featured_media":0,"parent":0,"menu_order":0,"comment_status":"closed","ping_status":"closed","template":"","meta":{"footnotes":""},"class_list":["post-136","page","type-page","status-publish","hentry"],"_links":{"self":[{"href":"https:\/\/eifel-camping.de\/index.php?rest_route=\/wp\/v2\/pages\/136","targetHints":{"allow":["GET"]}}],"collection":[{"href":"https:\/\/eifel-camping.de\/index.php?rest_route=\/wp\/v2\/pages"}],"about":[{"href":"https:\/\/eifel-camping.de\/index.php?rest_route=\/wp\/v2\/types\/page"}],"author":[{"embeddable":true,"href":"https:\/\/eifel-camping.de\/index.php?rest_route=\/wp\/v2\/users\/1"}],"replies":[{"embeddable":true,"href":"https:\/\/eifel-camping.de\/index.php?rest_route=%2Fwp%2Fv2%2Fcomments&post=136"}],"version-history":[{"count":4,"href":"https:\/\/eifel-camping.de\/index.php?rest_route=\/wp\/v2\/pages\/136\/revisions"}],"predecessor-version":[{"id":140,"href":"https:\/\/eifel-camping.de\/index.php?rest_route=\/wp\/v2\/pages\/136\/revisions\/140"}],"wp:attachment":[{"href":"https:\/\/eifel-camping.de\/index.php?rest_route=%2Fwp%2Fv2%2Fmedia&parent=136"}],"curies":[{"name":"wp","href":"https:\/\/api.w.org\/{rel}","templated":true}]}}